{"id":19458,"date":"2024-07-01T13:56:02","date_gmt":"2024-07-01T10:56:02","guid":{"rendered":"https:\/\/happybalionai.lt\/?post_type=product&#038;p=19458"},"modified":"2024-07-01T13:59:44","modified_gmt":"2024-07-01T10:59:44","slug":"pinjatos-uzpildymas-limpancios-vistos","status":"publish","type":"product","link":"https:\/\/happybalionai.lt\/?product=pinjatos-uzpildymas-limpancios-vistos","title":{"rendered":"Pinjatos u\u017epildymas &#8220;Limpan\u010dios vi\u0161tos&#8221;"},"content":{"rendered":"<p>Skraidan\u010dios-limpan\u010dios vi\u0161tos puikiai tinka u\u017epildyti pinjatos vid\u0173.<\/p>\n","protected":false},"excerpt":{"rendered":"<p>Skraidan\u010dios-limpan\u010dios vi\u0161tos puikiai tinka u\u017epildyti pinjatos vid\u0173.<\/p>\n","protected":false},"featured_media":19459,"comment_status":"open","ping_status":"closed","template":"","meta":[],"product_cat":[223],"product_tag":[225,272,284],"_links":{"self":[{"href":"https:\/\/happybalionai.lt\/index.php?rest_route=\/wp\/v2\/product\/19458"}],"collection":[{"href":"https:\/\/happybalionai.lt\/index.php?rest_route=\/wp\/v2\/product"}],"about":[{"href":"https:\/\/happybalionai.lt\/index.php?rest_route=\/wp\/v2\/types\/product"}],"replies":[{"embeddable":true,"href":"https:\/\/happybalionai.lt\/index.php?rest_route=%2Fwp%2Fv2%2Fcomments&post=19458"}],"version-history":[{"count":1,"href":"https:\/\/happybalionai.lt\/index.php?rest_route=\/wp\/v2\/product\/19458\/revisions"}],"predecessor-version":[{"id":19461,"href":"https:\/\/happybalionai.lt\/index.php?rest_route=\/wp\/v2\/product\/19458\/revisions\/19461"}],"wp:featuredmedia":[{"embeddable":true,"href":"https:\/\/happybalionai.lt\/index.php?rest_route=\/wp\/v2\/media\/19459"}],"wp:attachment":[{"href":"https:\/\/happybalionai.lt\/index.php?rest_route=%2Fwp%2Fv2%2Fmedia&parent=19458"}],"wp:term":[{"taxonomy":"product_cat","embeddable":true,"href":"https:\/\/happybalionai.lt\/index.php?rest_route=%2Fwp%2Fv2%2Fproduct_cat&post=19458"},{"taxonomy":"product_tag","embeddable":true,"href":"https:\/\/happybalionai.lt\/index.php?rest_route=%2Fwp%2Fv2%2Fproduct_tag&post=19458"}],"curies":[{"name":"wp","href":"https:\/\/api.w.org\/{rel}","templated":true}]}}