{"id":19447,"date":"2024-07-01T13:40:47","date_gmt":"2024-07-01T10:40:47","guid":{"rendered":"https:\/\/happybalionai.lt\/?post_type=product&#038;p=19447"},"modified":"2024-07-01T13:45:33","modified_gmt":"2024-07-01T10:45:33","slug":"pinjatos-uzpildymas-vamzdeliai","status":"publish","type":"product","link":"https:\/\/happybalionai.lt\/?product=pinjatos-uzpildymas-vamzdeliai","title":{"rendered":"Pinjatos u\u017epildymas &#8220;Vamzdeliai&#8221;"},"content":{"rendered":"<p>Vaik\u0173 m\u0117giami POP vamzdeliai puikiai tinka u\u017epildyti pinjatos vid\u0173.<\/p>\n","protected":false},"excerpt":{"rendered":"<p>Vaik\u0173 m\u0117giami POP vamzdeliai puikiai tinka u\u017epildyti pinjatos vid\u0173.<\/p>\n","protected":false},"featured_media":19448,"comment_status":"open","ping_status":"closed","template":"","meta":[],"product_cat":[223],"product_tag":[225,272,281],"_links":{"self":[{"href":"https:\/\/happybalionai.lt\/index.php?rest_route=\/wp\/v2\/product\/19447"}],"collection":[{"href":"https:\/\/happybalionai.lt\/index.php?rest_route=\/wp\/v2\/product"}],"about":[{"href":"https:\/\/happybalionai.lt\/index.php?rest_route=\/wp\/v2\/types\/product"}],"replies":[{"embeddable":true,"href":"https:\/\/happybalionai.lt\/index.php?rest_route=%2Fwp%2Fv2%2Fcomments&post=19447"}],"version-history":[{"count":1,"href":"https:\/\/happybalionai.lt\/index.php?rest_route=\/wp\/v2\/product\/19447\/revisions"}],"predecessor-version":[{"id":19450,"href":"https:\/\/happybalionai.lt\/index.php?rest_route=\/wp\/v2\/product\/19447\/revisions\/19450"}],"wp:featuredmedia":[{"embeddable":true,"href":"https:\/\/happybalionai.lt\/index.php?rest_route=\/wp\/v2\/media\/19448"}],"wp:attachment":[{"href":"https:\/\/happybalionai.lt\/index.php?rest_route=%2Fwp%2Fv2%2Fmedia&parent=19447"}],"wp:term":[{"taxonomy":"product_cat","embeddable":true,"href":"https:\/\/happybalionai.lt\/index.php?rest_route=%2Fwp%2Fv2%2Fproduct_cat&post=19447"},{"taxonomy":"product_tag","embeddable":true,"href":"https:\/\/happybalionai.lt\/index.php?rest_route=%2Fwp%2Fv2%2Fproduct_tag&post=19447"}],"curies":[{"name":"wp","href":"https:\/\/api.w.org\/{rel}","templated":true}]}}