{"id":19437,"date":"2024-07-01T13:33:23","date_gmt":"2024-07-01T10:33:23","guid":{"rendered":"https:\/\/happybalionai.lt\/?post_type=product&#038;p=19437"},"modified":"2025-05-12T14:52:27","modified_gmt":"2025-05-12T11:52:27","slug":"pinjatos-uzpildymas-svilpukai","status":"publish","type":"product","link":"https:\/\/happybalionai.lt\/?product=pinjatos-uzpildymas-svilpukai","title":{"rendered":"Pinjatos u\u017epildymas &#8220;\u0160vilpukai&#8221;"},"content":{"rendered":"<p>\u0160vilpukai puikiai tinka u\u017epildyti pinjatos vid\u0173.<\/p>\n","protected":false},"excerpt":{"rendered":"<p>\u0160vilpukai puikiai tinka u\u017epildyti pinjatos vid\u0173.<\/p>\n","protected":false},"featured_media":19438,"comment_status":"open","ping_status":"closed","template":"","meta":[],"product_cat":[223],"product_tag":[285,225,279,272],"_links":{"self":[{"href":"https:\/\/happybalionai.lt\/index.php?rest_route=\/wp\/v2\/product\/19437"}],"collection":[{"href":"https:\/\/happybalionai.lt\/index.php?rest_route=\/wp\/v2\/product"}],"about":[{"href":"https:\/\/happybalionai.lt\/index.php?rest_route=\/wp\/v2\/types\/product"}],"replies":[{"embeddable":true,"href":"https:\/\/happybalionai.lt\/index.php?rest_route=%2Fwp%2Fv2%2Fcomments&post=19437"}],"version-history":[{"count":1,"href":"https:\/\/happybalionai.lt\/index.php?rest_route=\/wp\/v2\/product\/19437\/revisions"}],"predecessor-version":[{"id":19439,"href":"https:\/\/happybalionai.lt\/index.php?rest_route=\/wp\/v2\/product\/19437\/revisions\/19439"}],"wp:featuredmedia":[{"embeddable":true,"href":"https:\/\/happybalionai.lt\/index.php?rest_route=\/wp\/v2\/media\/19438"}],"wp:attachment":[{"href":"https:\/\/happybalionai.lt\/index.php?rest_route=%2Fwp%2Fv2%2Fmedia&parent=19437"}],"wp:term":[{"taxonomy":"product_cat","embeddable":true,"href":"https:\/\/happybalionai.lt\/index.php?rest_route=%2Fwp%2Fv2%2Fproduct_cat&post=19437"},{"taxonomy":"product_tag","embeddable":true,"href":"https:\/\/happybalionai.lt\/index.php?rest_route=%2Fwp%2Fv2%2Fproduct_tag&post=19437"}],"curies":[{"name":"wp","href":"https:\/\/api.w.org\/{rel}","templated":true}]}}