{"id":19434,"date":"2024-07-01T13:30:50","date_gmt":"2024-07-01T10:30:50","guid":{"rendered":"https:\/\/happybalionai.lt\/?post_type=product&#038;p=19434"},"modified":"2024-07-01T13:33:08","modified_gmt":"2024-07-01T10:33:08","slug":"pinjatos-uzpildymas-pakabukai","status":"publish","type":"product","link":"https:\/\/happybalionai.lt\/?product=pinjatos-uzpildymas-pakabukai","title":{"rendered":"Pinjatos u\u017epildymas &#8220;Pakabukai&#8221;"},"content":{"rendered":"<p>\u012evair\u016bs pakabukai puikiai tinka u\u017epildyti pinjatos vid\u0173.<\/p>\n","protected":false},"excerpt":{"rendered":"<p>\u012evair\u016bs pakabukai puikiai tinka u\u017epildyti pinjatos vid\u0173.<\/p>\n","protected":false},"featured_media":19435,"comment_status":"open","ping_status":"closed","template":"","meta":[],"product_cat":[223],"product_tag":[278,225,272],"_links":{"self":[{"href":"https:\/\/happybalionai.lt\/index.php?rest_route=\/wp\/v2\/product\/19434"}],"collection":[{"href":"https:\/\/happybalionai.lt\/index.php?rest_route=\/wp\/v2\/product"}],"about":[{"href":"https:\/\/happybalionai.lt\/index.php?rest_route=\/wp\/v2\/types\/product"}],"replies":[{"embeddable":true,"href":"https:\/\/happybalionai.lt\/index.php?rest_route=%2Fwp%2Fv2%2Fcomments&post=19434"}],"version-history":[{"count":1,"href":"https:\/\/happybalionai.lt\/index.php?rest_route=\/wp\/v2\/product\/19434\/revisions"}],"predecessor-version":[{"id":19436,"href":"https:\/\/happybalionai.lt\/index.php?rest_route=\/wp\/v2\/product\/19434\/revisions\/19436"}],"wp:featuredmedia":[{"embeddable":true,"href":"https:\/\/happybalionai.lt\/index.php?rest_route=\/wp\/v2\/media\/19435"}],"wp:attachment":[{"href":"https:\/\/happybalionai.lt\/index.php?rest_route=%2Fwp%2Fv2%2Fmedia&parent=19434"}],"wp:term":[{"taxonomy":"product_cat","embeddable":true,"href":"https:\/\/happybalionai.lt\/index.php?rest_route=%2Fwp%2Fv2%2Fproduct_cat&post=19434"},{"taxonomy":"product_tag","embeddable":true,"href":"https:\/\/happybalionai.lt\/index.php?rest_route=%2Fwp%2Fv2%2Fproduct_tag&post=19434"}],"curies":[{"name":"wp","href":"https:\/\/api.w.org\/{rel}","templated":true}]}}