{"id":19431,"date":"2024-07-01T13:29:26","date_gmt":"2024-07-01T10:29:26","guid":{"rendered":"https:\/\/happybalionai.lt\/?post_type=product&#038;p=19431"},"modified":"2024-07-01T13:30:38","modified_gmt":"2024-07-01T10:30:38","slug":"pinjatos-uzpildymas-lipdukai-smile-10vnt","status":"publish","type":"product","link":"https:\/\/happybalionai.lt\/?product=pinjatos-uzpildymas-lipdukai-smile-10vnt","title":{"rendered":"Pinjatos u\u017epildymas &#8220;Lipdukai SMILE&#8221; 10vnt"},"content":{"rendered":"<p>Lipdukai puikiai tinka u\u017epildyti pinjatos vid\u0173.<\/p>\n","protected":false},"excerpt":{"rendered":"<p>Lipdukai puikiai tinka u\u017epildyti pinjatos vid\u0173.<\/p>\n","protected":false},"featured_media":19432,"comment_status":"open","ping_status":"closed","template":"","meta":[],"product_cat":[223],"product_tag":[277,225,272],"_links":{"self":[{"href":"https:\/\/happybalionai.lt\/index.php?rest_route=\/wp\/v2\/product\/19431"}],"collection":[{"href":"https:\/\/happybalionai.lt\/index.php?rest_route=\/wp\/v2\/product"}],"about":[{"href":"https:\/\/happybalionai.lt\/index.php?rest_route=\/wp\/v2\/types\/product"}],"replies":[{"embeddable":true,"href":"https:\/\/happybalionai.lt\/index.php?rest_route=%2Fwp%2Fv2%2Fcomments&post=19431"}],"version-history":[{"count":1,"href":"https:\/\/happybalionai.lt\/index.php?rest_route=\/wp\/v2\/product\/19431\/revisions"}],"predecessor-version":[{"id":19433,"href":"https:\/\/happybalionai.lt\/index.php?rest_route=\/wp\/v2\/product\/19431\/revisions\/19433"}],"wp:featuredmedia":[{"embeddable":true,"href":"https:\/\/happybalionai.lt\/index.php?rest_route=\/wp\/v2\/media\/19432"}],"wp:attachment":[{"href":"https:\/\/happybalionai.lt\/index.php?rest_route=%2Fwp%2Fv2%2Fmedia&parent=19431"}],"wp:term":[{"taxonomy":"product_cat","embeddable":true,"href":"https:\/\/happybalionai.lt\/index.php?rest_route=%2Fwp%2Fv2%2Fproduct_cat&post=19431"},{"taxonomy":"product_tag","embeddable":true,"href":"https:\/\/happybalionai.lt\/index.php?rest_route=%2Fwp%2Fv2%2Fproduct_tag&post=19431"}],"curies":[{"name":"wp","href":"https:\/\/api.w.org\/{rel}","templated":true}]}}