{"id":19428,"date":"2024-07-01T13:26:41","date_gmt":"2024-07-01T10:26:41","guid":{"rendered":"https:\/\/happybalionai.lt\/?post_type=product&#038;p=19428"},"modified":"2024-07-01T13:29:15","modified_gmt":"2024-07-01T10:29:15","slug":"pinjatos-uzpildymas-lipdukai-10vnt","status":"publish","type":"product","link":"https:\/\/happybalionai.lt\/?product=pinjatos-uzpildymas-lipdukai-10vnt","title":{"rendered":"Pinjatos u\u017epildymas &#8220;Lipdukai&#8221; 10vnt"},"content":{"rendered":"<p>Lipdukai puikiai tinka u\u017epildyti pinjatos vid\u0173.<\/p>\n","protected":false},"excerpt":{"rendered":"<p>Lipdukai puikiai tinka u\u017epildyti pinjatos vid\u0173.<\/p>\n","protected":false},"featured_media":19429,"comment_status":"open","ping_status":"closed","template":"","meta":[],"product_cat":[223],"product_tag":[277,225,272],"_links":{"self":[{"href":"https:\/\/happybalionai.lt\/index.php?rest_route=\/wp\/v2\/product\/19428"}],"collection":[{"href":"https:\/\/happybalionai.lt\/index.php?rest_route=\/wp\/v2\/product"}],"about":[{"href":"https:\/\/happybalionai.lt\/index.php?rest_route=\/wp\/v2\/types\/product"}],"replies":[{"embeddable":true,"href":"https:\/\/happybalionai.lt\/index.php?rest_route=%2Fwp%2Fv2%2Fcomments&post=19428"}],"version-history":[{"count":1,"href":"https:\/\/happybalionai.lt\/index.php?rest_route=\/wp\/v2\/product\/19428\/revisions"}],"predecessor-version":[{"id":19430,"href":"https:\/\/happybalionai.lt\/index.php?rest_route=\/wp\/v2\/product\/19428\/revisions\/19430"}],"wp:featuredmedia":[{"embeddable":true,"href":"https:\/\/happybalionai.lt\/index.php?rest_route=\/wp\/v2\/media\/19429"}],"wp:attachment":[{"href":"https:\/\/happybalionai.lt\/index.php?rest_route=%2Fwp%2Fv2%2Fmedia&parent=19428"}],"wp:term":[{"taxonomy":"product_cat","embeddable":true,"href":"https:\/\/happybalionai.lt\/index.php?rest_route=%2Fwp%2Fv2%2Fproduct_cat&post=19428"},{"taxonomy":"product_tag","embeddable":true,"href":"https:\/\/happybalionai.lt\/index.php?rest_route=%2Fwp%2Fv2%2Fproduct_tag&post=19428"}],"curies":[{"name":"wp","href":"https:\/\/api.w.org\/{rel}","templated":true}]}}