{"id":19425,"date":"2024-07-01T13:23:43","date_gmt":"2024-07-01T10:23:43","guid":{"rendered":"https:\/\/happybalionai.lt\/?post_type=product&#038;p=19425"},"modified":"2024-07-01T13:26:30","modified_gmt":"2024-07-01T10:26:30","slug":"pinjatos-uzpildymas-masineles","status":"publish","type":"product","link":"https:\/\/happybalionai.lt\/?product=pinjatos-uzpildymas-masineles","title":{"rendered":"Pinjatos u\u017epildymas &#8220;Ma\u0161in\u0117l\u0117s&#8221;"},"content":{"rendered":"<p>Ma\u0161in\u0117l\u0117s puikiai tinka u\u017epildyti pinjatos vid\u0173. Patraukus ma\u0161in\u0117l\u0119 atgal, \u012f priek\u012f va\u017eiuoja pati.<\/p>\n","protected":false},"excerpt":{"rendered":"<p>Ma\u0161in\u0117l\u0117s puikiai tinka u\u017epildyti pinjatos vid\u0173. Patraukus ma\u0161in\u0117l\u0119 atgal, \u012f priek\u012f va\u017eiuoja pati.<\/p>\n","protected":false},"featured_media":19426,"comment_status":"open","ping_status":"closed","template":"","meta":[],"product_cat":[223],"product_tag":[276,225,272],"_links":{"self":[{"href":"https:\/\/happybalionai.lt\/index.php?rest_route=\/wp\/v2\/product\/19425"}],"collection":[{"href":"https:\/\/happybalionai.lt\/index.php?rest_route=\/wp\/v2\/product"}],"about":[{"href":"https:\/\/happybalionai.lt\/index.php?rest_route=\/wp\/v2\/types\/product"}],"replies":[{"embeddable":true,"href":"https:\/\/happybalionai.lt\/index.php?rest_route=%2Fwp%2Fv2%2Fcomments&post=19425"}],"version-history":[{"count":1,"href":"https:\/\/happybalionai.lt\/index.php?rest_route=\/wp\/v2\/product\/19425\/revisions"}],"predecessor-version":[{"id":19427,"href":"https:\/\/happybalionai.lt\/index.php?rest_route=\/wp\/v2\/product\/19425\/revisions\/19427"}],"wp:featuredmedia":[{"embeddable":true,"href":"https:\/\/happybalionai.lt\/index.php?rest_route=\/wp\/v2\/media\/19426"}],"wp:attachment":[{"href":"https:\/\/happybalionai.lt\/index.php?rest_route=%2Fwp%2Fv2%2Fmedia&parent=19425"}],"wp:term":[{"taxonomy":"product_cat","embeddable":true,"href":"https:\/\/happybalionai.lt\/index.php?rest_route=%2Fwp%2Fv2%2Fproduct_cat&post=19425"},{"taxonomy":"product_tag","embeddable":true,"href":"https:\/\/happybalionai.lt\/index.php?rest_route=%2Fwp%2Fv2%2Fproduct_tag&post=19425"}],"curies":[{"name":"wp","href":"https:\/\/api.w.org\/{rel}","templated":true}]}}