{"id":19417,"date":"2024-07-01T13:09:15","date_gmt":"2024-07-01T10:09:15","guid":{"rendered":"https:\/\/happybalionai.lt\/?post_type=product&#038;p=19417"},"modified":"2024-07-01T13:20:13","modified_gmt":"2024-07-01T10:20:13","slug":"pinjatos-uzpildymas-varlytes","status":"publish","type":"product","link":"https:\/\/happybalionai.lt\/?product=pinjatos-uzpildymas-varlytes","title":{"rendered":"Pinjatos u\u017epildymas &#8220;Varlyt\u0117s&#8221;"},"content":{"rendered":"<p>\u0160okin\u0117jan\u010dios varlyt\u0117s puikiai tinka u\u017epildyti pinjat\u0105.<\/p>\n","protected":false},"excerpt":{"rendered":"<p>\u0160okin\u0117jan\u010dios varlyt\u0117s puikiai tinka u\u017epildyti pinjat\u0105.<\/p>\n","protected":false},"featured_media":19419,"comment_status":"open","ping_status":"closed","template":"","meta":[],"product_cat":[223],"product_tag":[225,274,272,273],"_links":{"self":[{"href":"https:\/\/happybalionai.lt\/index.php?rest_route=\/wp\/v2\/product\/19417"}],"collection":[{"href":"https:\/\/happybalionai.lt\/index.php?rest_route=\/wp\/v2\/product"}],"about":[{"href":"https:\/\/happybalionai.lt\/index.php?rest_route=\/wp\/v2\/types\/product"}],"replies":[{"embeddable":true,"href":"https:\/\/happybalionai.lt\/index.php?rest_route=%2Fwp%2Fv2%2Fcomments&post=19417"}],"version-history":[{"count":1,"href":"https:\/\/happybalionai.lt\/index.php?rest_route=\/wp\/v2\/product\/19417\/revisions"}],"predecessor-version":[{"id":19421,"href":"https:\/\/happybalionai.lt\/index.php?rest_route=\/wp\/v2\/product\/19417\/revisions\/19421"}],"wp:featuredmedia":[{"embeddable":true,"href":"https:\/\/happybalionai.lt\/index.php?rest_route=\/wp\/v2\/media\/19419"}],"wp:attachment":[{"href":"https:\/\/happybalionai.lt\/index.php?rest_route=%2Fwp%2Fv2%2Fmedia&parent=19417"}],"wp:term":[{"taxonomy":"product_cat","embeddable":true,"href":"https:\/\/happybalionai.lt\/index.php?rest_route=%2Fwp%2Fv2%2Fproduct_cat&post=19417"},{"taxonomy":"product_tag","embeddable":true,"href":"https:\/\/happybalionai.lt\/index.php?rest_route=%2Fwp%2Fv2%2Fproduct_tag&post=19417"}],"curies":[{"name":"wp","href":"https:\/\/api.w.org\/{rel}","templated":true}]}}