{"id":19413,"date":"2024-07-01T13:08:51","date_gmt":"2024-07-01T10:08:51","guid":{"rendered":"https:\/\/happybalionai.lt\/?post_type=product&#038;p=19413"},"modified":"2024-07-01T13:08:52","modified_gmt":"2024-07-01T10:08:52","slug":"pinjatos-uzpildymas-love-is-kramtoma-guma-10vnt","status":"publish","type":"product","link":"https:\/\/happybalionai.lt\/?product=pinjatos-uzpildymas-love-is-kramtoma-guma-10vnt","title":{"rendered":"Pinjatos u\u017epildymas &#8220;Love is&#8230;&#8221; kramtoma guma 10vnt."},"content":{"rendered":"<p>\u012evairi\u0173 skoni\u0173 kramtoma guma \u201eLOVE IS\u2026\u201d<\/p>\n<p>Sudedamosios dalys: cukrus, gliukoz\u0117s sirupas, kramtomos gumos pagrindas, r\u016bg\u0161tingum\u0105 reguliuojanti med\u017eiaga: citrin\u0173 r\u016bg\u0161tis; kvapiosios med\u017eiagos, emulsiklis lecitinas, da\u017eikliai: E120, E160a; antioksidatorius BHT. Netinka vaikams iki 3 met\u0173 am\u017eiaus.<\/p>\n<p>Laikyti sausoje ir v\u0117sioje vietoje.<\/p>\n<p>Kilm\u0117s \u0161alis: Turkija.<\/p>\n","protected":false},"excerpt":{"rendered":"<p>\u012evairi\u0173 skoni\u0173 kramtoma guma \u201eLOVE IS\u2026\u201d Sudedamosios dalys: cukrus, gliukoz\u0117s sirupas, kramtomos gumos pagrindas, r\u016bg\u0161tingum\u0105 reguliuojanti med\u017eiaga: citrin\u0173 r\u016bg\u0161tis; kvapiosios med\u017eiagos, emulsiklis lecitinas, da\u017eikliai: E120, E160a; antioksidatorius BHT. Netinka vaikams iki 3 met\u0173 am\u017eiaus. Laikyti sausoje ir v\u0117sioje vietoje. Kilm\u0117s \u0161alis: Turkija.<\/p>\n","protected":false},"featured_media":19414,"comment_status":"open","ping_status":"closed","template":"","meta":[],"product_cat":[223],"product_tag":[139,137,225,272],"_links":{"self":[{"href":"https:\/\/happybalionai.lt\/index.php?rest_route=\/wp\/v2\/product\/19413"}],"collection":[{"href":"https:\/\/happybalionai.lt\/index.php?rest_route=\/wp\/v2\/product"}],"about":[{"href":"https:\/\/happybalionai.lt\/index.php?rest_route=\/wp\/v2\/types\/product"}],"replies":[{"embeddable":true,"href":"https:\/\/happybalionai.lt\/index.php?rest_route=%2Fwp%2Fv2%2Fcomments&post=19413"}],"version-history":[{"count":1,"href":"https:\/\/happybalionai.lt\/index.php?rest_route=\/wp\/v2\/product\/19413\/revisions"}],"predecessor-version":[{"id":19416,"href":"https:\/\/happybalionai.lt\/index.php?rest_route=\/wp\/v2\/product\/19413\/revisions\/19416"}],"wp:featuredmedia":[{"embeddable":true,"href":"https:\/\/happybalionai.lt\/index.php?rest_route=\/wp\/v2\/media\/19414"}],"wp:attachment":[{"href":"https:\/\/happybalionai.lt\/index.php?rest_route=%2Fwp%2Fv2%2Fmedia&parent=19413"}],"wp:term":[{"taxonomy":"product_cat","embeddable":true,"href":"https:\/\/happybalionai.lt\/index.php?rest_route=%2Fwp%2Fv2%2Fproduct_cat&post=19413"},{"taxonomy":"product_tag","embeddable":true,"href":"https:\/\/happybalionai.lt\/index.php?rest_route=%2Fwp%2Fv2%2Fproduct_tag&post=19413"}],"curies":[{"name":"wp","href":"https:\/\/api.w.org\/{rel}","templated":true}]}}