{"id":19405,"date":"2024-06-17T15:43:03","date_gmt":"2024-06-17T12:43:03","guid":{"rendered":"https:\/\/happybalionai.lt\/?post_type=product&#038;p=19405"},"modified":"2025-10-20T11:15:53","modified_gmt":"2025-10-20T08:15:53","slug":"pinjata-zvaigzde-45x45x9-cm","status":"publish","type":"product","link":"https:\/\/happybalionai.lt\/?product=pinjata-zvaigzde-45x45x9-cm","title":{"rendered":"Pinjata &#8220;\u017dvaig\u017ed\u0117&#8221; 45x45x9 cm"},"content":{"rendered":"<p>Pinjata &#8211; tai tu\u0161\u010diaviduris \u017eaislas su staigmena viduje. J\u0105 galite pripildyti saldainiais, konfeti, ma\u017eais ned\u016b\u017etan\u010diais \u017eaislais ar kitomis smulkmenomis. Pinjatos puikiai tinks pagyvinti J\u016bs\u0173 \u0161vent\u0119: vaik\u0173 ar suaugusi\u0173j\u0173 gimtadieniui, ypatingoms progoms, vestuv\u0117ms, krik\u0161tynoms, \u012fmoni\u0173 vakar\u0117liams ar net pir\u0161lyboms. Gali b\u016bti naudojama kaip \u0161vent\u0117s dekoracija, kuri v\u0117liau virsta linksmu \u017eaidimu. Kaip \u017eaisti pinjata: Patogiausia \u017eaisti lauke, ta\u010diau j\u012f galima \u017eaisti ir kambaryje ar didesn\u0117je sal\u0117je. Pinjatos i\u0161matavimai: 45x45x9 cm\u00a0 PINJATA PARDUODAMA BE STAIGMENOS VIDUJE.<\/p>\n","protected":false},"excerpt":{"rendered":"<p>Pinjata &#8211; tai tu\u0161\u010diaviduris \u017eaislas su staigmena viduje. J\u0105 galite pripildyti saldainiais, konfeti, ma\u017eais ned\u016b\u017etan\u010diais \u017eaislais ar kitomis smulkmenomis. Pinjatos puikiai tinks pagyvinti J\u016bs\u0173 \u0161vent\u0119: vaik\u0173 ar suaugusi\u0173j\u0173 gimtadieniui, ypatingoms progoms, vestuv\u0117ms, krik\u0161tynoms, \u012fmoni\u0173 vakar\u0117liams ar net pir\u0161lyboms. Gali b\u016bti naudojama kaip \u0161vent\u0117s dekoracija, kuri v\u0117liau virsta linksmu \u017eaidimu. Kaip \u017eaisti pinjata: Patogiausia \u017eaisti lauke, [&hellip;]<\/p>\n","protected":false},"featured_media":19406,"comment_status":"open","ping_status":"closed","template":"","meta":[],"product_cat":[223],"product_tag":[226,225,227],"_links":{"self":[{"href":"https:\/\/happybalionai.lt\/index.php?rest_route=\/wp\/v2\/product\/19405"}],"collection":[{"href":"https:\/\/happybalionai.lt\/index.php?rest_route=\/wp\/v2\/product"}],"about":[{"href":"https:\/\/happybalionai.lt\/index.php?rest_route=\/wp\/v2\/types\/product"}],"replies":[{"embeddable":true,"href":"https:\/\/happybalionai.lt\/index.php?rest_route=%2Fwp%2Fv2%2Fcomments&post=19405"}],"version-history":[{"count":1,"href":"https:\/\/happybalionai.lt\/index.php?rest_route=\/wp\/v2\/product\/19405\/revisions"}],"predecessor-version":[{"id":19407,"href":"https:\/\/happybalionai.lt\/index.php?rest_route=\/wp\/v2\/product\/19405\/revisions\/19407"}],"wp:featuredmedia":[{"embeddable":true,"href":"https:\/\/happybalionai.lt\/index.php?rest_route=\/wp\/v2\/media\/19406"}],"wp:attachment":[{"href":"https:\/\/happybalionai.lt\/index.php?rest_route=%2Fwp%2Fv2%2Fmedia&parent=19405"}],"wp:term":[{"taxonomy":"product_cat","embeddable":true,"href":"https:\/\/happybalionai.lt\/index.php?rest_route=%2Fwp%2Fv2%2Fproduct_cat&post=19405"},{"taxonomy":"product_tag","embeddable":true,"href":"https:\/\/happybalionai.lt\/index.php?rest_route=%2Fwp%2Fv2%2Fproduct_tag&post=19405"}],"curies":[{"name":"wp","href":"https:\/\/api.w.org\/{rel}","templated":true}]}}