{"id":19348,"date":"2024-03-16T13:14:54","date_gmt":"2024-03-16T10:14:54","guid":{"rendered":"https:\/\/happybalionai.lt\/?post_type=product&#038;p=19348"},"modified":"2024-03-16T13:38:03","modified_gmt":"2024-03-16T10:38:03","slug":"lateksiniai-balionai-mergvakaris-su-taskiukais","status":"publish","type":"product","link":"https:\/\/happybalionai.lt\/?product=lateksiniai-balionai-mergvakaris-su-taskiukais","title":{"rendered":"Lateksiniai balionai mergvakaris su ta\u0161kiukais"},"content":{"rendered":"<blockquote><p>Lateksiniai balionai mergvakaris su ta\u0161kiukais.<br \/>\nPrip\u016bsto baliono dydis 30cm.<\/p><\/blockquote>\n<p>Balionas tinkamas p\u016bsti oru ir helio dujomis.<\/p>\n<p>Balionai parduodami neprip\u016bsti!!!<\/p>\n<p>Vilniuje parduodamus balionus galime prip\u016bsti heliu, susitarus i\u0161 anksto telefonu <a href=\"tel:+370 622 22 494\">+370 622 22 494<\/a> arba facebook \u017einute\u00a0<a href=\"https:\/\/www.facebook.com\/happybalionai\" target=\"_blank\" rel=\"noopener\">Happybalionai puslapyje<\/a>.<\/p>\n<p>Prek\u0117s atspalvis gali \u0161iek tiek skirtis nuo matom\u0173 nuotraukoje.<\/p>\n","protected":false},"excerpt":{"rendered":"<p>Lateksiniai balionai mergvakaris su ta\u0161kiukais. Prip\u016bsto baliono dydis 30cm. Balionas tinkamas p\u016bsti oru ir helio dujomis. Balionai parduodami neprip\u016bsti!!! Vilniuje parduodamus balionus galime prip\u016bsti heliu, susitarus i\u0161 anksto telefonu +370 622 22 494 arba facebook \u017einute\u00a0Happybalionai puslapyje. Prek\u0117s atspalvis gali \u0161iek tiek skirtis nuo matom\u0173 nuotraukoje.<\/p>\n","protected":false},"featured_media":19349,"comment_status":"open","ping_status":"closed","template":"","meta":[],"product_cat":[213,217,215],"product_tag":[246,245,253,252,247,248,250],"_links":{"self":[{"href":"https:\/\/happybalionai.lt\/index.php?rest_route=\/wp\/v2\/product\/19348"}],"collection":[{"href":"https:\/\/happybalionai.lt\/index.php?rest_route=\/wp\/v2\/product"}],"about":[{"href":"https:\/\/happybalionai.lt\/index.php?rest_route=\/wp\/v2\/types\/product"}],"replies":[{"embeddable":true,"href":"https:\/\/happybalionai.lt\/index.php?rest_route=%2Fwp%2Fv2%2Fcomments&post=19348"}],"version-history":[{"count":1,"href":"https:\/\/happybalionai.lt\/index.php?rest_route=\/wp\/v2\/product\/19348\/revisions"}],"predecessor-version":[{"id":19350,"href":"https:\/\/happybalionai.lt\/index.php?rest_route=\/wp\/v2\/product\/19348\/revisions\/19350"}],"wp:featuredmedia":[{"embeddable":true,"href":"https:\/\/happybalionai.lt\/index.php?rest_route=\/wp\/v2\/media\/19349"}],"wp:attachment":[{"href":"https:\/\/happybalionai.lt\/index.php?rest_route=%2Fwp%2Fv2%2Fmedia&parent=19348"}],"wp:term":[{"taxonomy":"product_cat","embeddable":true,"href":"https:\/\/happybalionai.lt\/index.php?rest_route=%2Fwp%2Fv2%2Fproduct_cat&post=19348"},{"taxonomy":"product_tag","embeddable":true,"href":"https:\/\/happybalionai.lt\/index.php?rest_route=%2Fwp%2Fv2%2Fproduct_tag&post=19348"}],"curies":[{"name":"wp","href":"https:\/\/api.w.org\/{rel}","templated":true}]}}