{"id":19167,"date":"2024-03-08T00:05:29","date_gmt":"2024-03-07T21:05:29","guid":{"rendered":"https:\/\/happybalionai.lt\/?post_type=product&#038;p=19167"},"modified":"2024-06-17T15:09:00","modified_gmt":"2024-06-17T12:09:00","slug":"folinis-balionas-skaicius-9-rausvos-spalvos","status":"publish","type":"product","link":"https:\/\/happybalionai.lt\/?product=folinis-balionas-skaicius-9-rausvos-spalvos","title":{"rendered":"Folinis balionas skai\u010dius &#8220;9&#8221; rausvos spalvos"},"content":{"rendered":"<blockquote><p>Folinis balionas skai\u010dius &#8220;9&#8221; rausvos spalvos.<br \/>\nPrip\u016bsto baliono dydis 76cm.<\/p><\/blockquote>\n<p>Balionai parduodami neprip\u016bsti!!!<\/p>\n<p>Vilniuje parduodamus balionus galime prip\u016bsti heliu, susitarus i\u0161 anksto telefonu <a href=\"tel:+370 622 22 494\">+370 622 22 494<\/a> arba facebook \u017einute\u00a0<a href=\"https:\/\/www.facebook.com\/happybalionai\" target=\"_blank\" rel=\"noopener\">Happybalionai puslapyje<\/a>.<\/p>\n<p>Prek\u0117s atspalvis gali \u0161iek tiek skirtis nuo matom\u0173 nuotraukoje.<\/p>\n","protected":false},"excerpt":{"rendered":"<p>Folinis balionas skai\u010dius &#8220;9&#8221; rausvos spalvos. Prip\u016bsto baliono dydis 76cm. Balionai parduodami neprip\u016bsti!!! Vilniuje parduodamus balionus galime prip\u016bsti heliu, susitarus i\u0161 anksto telefonu +370 622 22 494 arba facebook \u017einute\u00a0Happybalionai puslapyje. Prek\u0117s atspalvis gali \u0161iek tiek skirtis nuo matom\u0173 nuotraukoje.<\/p>\n","protected":false},"featured_media":19168,"comment_status":"open","ping_status":"closed","template":"","meta":[],"product_cat":[186,177],"product_tag":[236,228],"_links":{"self":[{"href":"https:\/\/happybalionai.lt\/index.php?rest_route=\/wp\/v2\/product\/19167"}],"collection":[{"href":"https:\/\/happybalionai.lt\/index.php?rest_route=\/wp\/v2\/product"}],"about":[{"href":"https:\/\/happybalionai.lt\/index.php?rest_route=\/wp\/v2\/types\/product"}],"replies":[{"embeddable":true,"href":"https:\/\/happybalionai.lt\/index.php?rest_route=%2Fwp%2Fv2%2Fcomments&post=19167"}],"version-history":[{"count":1,"href":"https:\/\/happybalionai.lt\/index.php?rest_route=\/wp\/v2\/product\/19167\/revisions"}],"predecessor-version":[{"id":19169,"href":"https:\/\/happybalionai.lt\/index.php?rest_route=\/wp\/v2\/product\/19167\/revisions\/19169"}],"wp:featuredmedia":[{"embeddable":true,"href":"https:\/\/happybalionai.lt\/index.php?rest_route=\/wp\/v2\/media\/19168"}],"wp:attachment":[{"href":"https:\/\/happybalionai.lt\/index.php?rest_route=%2Fwp%2Fv2%2Fmedia&parent=19167"}],"wp:term":[{"taxonomy":"product_cat","embeddable":true,"href":"https:\/\/happybalionai.lt\/index.php?rest_route=%2Fwp%2Fv2%2Fproduct_cat&post=19167"},{"taxonomy":"product_tag","embeddable":true,"href":"https:\/\/happybalionai.lt\/index.php?rest_route=%2Fwp%2Fv2%2Fproduct_tag&post=19167"}],"curies":[{"name":"wp","href":"https:\/\/api.w.org\/{rel}","templated":true}]}}