{"id":3,"date":"2023-10-16T08:51:43","date_gmt":"2023-10-16T08:51:43","guid":{"rendered":"https:\/\/www.dovanupastas.lt\/?page_id=3"},"modified":"2023-11-12T14:17:22","modified_gmt":"2023-11-12T11:17:22","slug":"privacy-policy-2","status":"publish","type":"page","link":"https:\/\/happybalionai.lt\/?page_id=3","title":{"rendered":"Privatumo politika"},"content":{"rendered":"\t\t<div data-elementor-type=\"wp-page\" data-elementor-id=\"3\" class=\"elementor elementor-3\" data-elementor-post-type=\"page\">\n\t\t\t\t\t\t\t<div class=\"elementor-element elementor-element-9239668 e-flex e-con-boxed e-con e-parent\" data-id=\"9239668\" data-element_type=\"container\" data-settings=\"{&quot;content_width&quot;:&quot;boxed&quot;}\" data-core-v316-plus=\"true\">\n\t\t\t\t\t<div class=\"e-con-inner\">\n\t\t\t\t<div class=\"elementor-element elementor-element-3d39b56 elementor-widget elementor-widget-heading\" data-id=\"3d39b56\" data-element_type=\"widget\" data-widget_type=\"heading.default\">\n\t\t\t\t<div class=\"elementor-widget-container\">\n\t\t\t<style>\/*! elementor - v3.18.0 - 08-12-2023 *\/\n.elementor-heading-title{padding:0;margin:0;line-height:1}.elementor-widget-heading .elementor-heading-title[class*=elementor-size-]>a{color:inherit;font-size:inherit;line-height:inherit}.elementor-widget-heading .elementor-heading-title.elementor-size-small{font-size:15px}.elementor-widget-heading .elementor-heading-title.elementor-size-medium{font-size:19px}.elementor-widget-heading .elementor-heading-title.elementor-size-large{font-size:29px}.elementor-widget-heading .elementor-heading-title.elementor-size-xl{font-size:39px}.elementor-widget-heading .elementor-heading-title.elementor-size-xxl{font-size:59px}<\/style><h2 class=\"elementor-heading-title elementor-size-default\">\u201eDOVANUPASTAS\u201c PRIVATUMO T\u2019AISYKL\u0116S\n<br><BR>\n<br><BR>\nBendrovei yra svarbus kiekvieno Internetin\u0117s parduotuv\u0117s Naudotojo pasitik\u0117jimas Bendrove, Bendrov\u0117s valdoma Internetine parduotuve bei joje parduodamomis prek\u0117mis ir\/ar per j\u0105 teikiamomis paslaugomis. <br><BR>\u0160is pasitik\u0117jimas, be kita ko, neatsiejamas ir nuo tinkamo Naudotojo Asmens duomen\u0173 tvarkymo bei j\u0173 apsaugos. Tod\u0117l \u0161ioje Internetin\u0117s parduotuv\u0117s svetain\u0117s skiltyje rasite Bendrov\u0117s Privatumo taisykli\u0173 (toliau \u2013 Privatumo taisykl\u0117s) nuostatas, reglamentuojan\u010dias Naudotojo Asmens duomen\u0173 gavim\u0105, naudojim\u0105, tvarkym\u0105, apdorojam\u0105 ir kitus Asmens duomen\u0173 tvarkymo veiksmus Bendrov\u0117s veikloje, taip pat su tuo susijusias Naudotoj\u0173 teises bei Bendrov\u0117s pareigas.<br><BR>\nAtkreipiame d\u0117mes\u012f, jog naudodamasis Internetin\u0117s parduotuv\u0117s svetaine ir joje teikiamomis paslaugomis, Naudotojas sutinka su Privatumo taisykli\u0173 nuostatomis. Jeigu Naudotojas nesutinka laikytis Internetin\u0117s parduotuv\u0117s Privatumo taisykli\u0173 nuostat\u0173, Naudotojas negali toliau naudotis Bendrov\u0117s Internetin\u0117s parduotuv\u0117s svetaine.<br><BR>\nPa\u017eymime, kad Bendrov\u0117 turi teis\u0119 viena\u0161ali\u0161kai savo nuo\u017ei\u016bra bet kuriu metu keisti Privatumo taisykli\u0173 nuostatas, i\u0161 anksto \u012fsp\u0117dama Internetin\u0117s parduotuv\u0117s svetain\u0117s Naudotojus. Bet koks Privatumo taisykli\u0173 nuostat\u0173 pakeitimas \u012fsigalioja nuo jo paskelbimo Internetin\u0117s parduotuv\u0117s svetain\u0117je dienos, tod\u0117l maloniai pra\u0161ome perskaityti \u0161i\u0173 Privatumo taisykli\u0173 nuostatas kiekvien\u0105 kart\u0105 prie\u0161 pradedant naudotis Internetin\u0117s parduotuv\u0117s suteikiamomis galimyb\u0117mis. Jei perskait\u0119 \u0161i\u0173 Privatumo taisykli\u0173 nuostatas nusprend\u017eiate toliau naudotis Internetin\u0117s parduotuv\u0117s suteikiamomis galimyb\u0117mis, patvirtinate, kad su jomis sutinkate bei jas priimate.<br><BR>\nNaudotojas, tur\u0117damas bet koki\u0173 klausim\u0173, susijusi\u0173 su Naudotojo Asmens duomenimis, gali kreiptis tiesiogiai \u012f Bendrov\u0117s Duomen\u0173 Apsaugos Pareig\u016bn\u0105. El. pa\u0161tu: info@dovanupastas.lt\nDetalesn\u0119 informacij\u0105 apie Bendrov\u0119 ir Bendrov\u0117s kontaktinius duomenis galite rasti Internetin\u0117s parduotuv\u0117s svetain\u0117s skiltyje, \u201eKONTAKTAI\u201c, taip pat \u017eemiau \u0161iame dokumente.<br><BR>\nPa\u017eymime, jog visi veiksmai, atliekami su Naudotojo Asmens duomenimis, yra atliekami vadovaujantis galiojan\u010diomis Europos S\u0105jungos ir Lietuvos Respublikos teis\u0117s akt\u0173 nuostatomis, pirmiausia Bendruoju duomen\u0173 apsaugos reglamentu bei Lietuvos Respublikos asmens duomen\u0173 teisin\u0117s apsaugos \u012fstatymu.\n<br><BR><br><BR>\nPAGRINDIN\u0116S S\u0104VOKOS\n<br><BR><br><BR>\nValdytojas \u2013 Bendrov\u0117, t. y. \u201eDOVANUPASTAS\u201c, nustatantis duomen\u0173 tvarkymo tikslus ir priemones.\nInternetin\u0117 parduotuv\u0117 \u2013 internetin\u0117 parduotuv\u0117, pasiekiama adresu www.dovanupastas.lt\nNaudotojas \u2013 fizinis asmuo, besilankantis internetin\u0117s parduotuv\u0117s svetain\u0117je ir\/ar fizinis asmuo, siekiantis \u012fsigyti Bendrov\u0117s parduodam\u0173 preki\u0173 ir\/ar gauti Bendrov\u0117s teikiamas paslaugas, ir\/ar jas \u012fsigyjantis.\nAsmens duomenys \u2013 bet kuri informacija, susijusi su fiziniu asmeniu \u2013 duomen\u0173 subjektu, kurio tapatyb\u0117 yra \u017einoma arba gali b\u016bti tiesiogiai ar netiesiogiai nustatyta.\nDuomen\u0173 gav\u0117jas \u2013 juridinis ar fizinis asmuo, kuriam Duomen\u0173 valdytojas teikia asmens duomenis.\nInternetin\u0117s parduotuv\u0117s paskyra \u2013 tai prisijungimo prie Internetin\u0117s parduotuv\u0117s svetain\u0117s paskyra, kuri sukuriama aktyviais Naudotojo veiksmais pagal veiksm\u0173 sek\u0105, nurodyt\u0105 Internetin\u0117s parduotuv\u0117s svetain\u0117je, ir kurioje yra saugomi Naudotojo Asmens duomenys bei u\u017esakym\u0173 istorija.\nSlapukas \u2013 ma\u017eas tekstinis failas, siun\u010diamas \u012f kiekvieno Naudotojo \u012frengin\u012f, i\u0161 kurio yra prisijungiama prie Internetin\u0117s parduotuv\u0117s svetain\u0117s, ir laikinai tame \u012frenginyje i\u0161saugomas.\nTiesiogin\u0117 rinkodara \u2013 veikla, skirta pa\u0161tu, telefonu arba kitokiu tiesioginiu b\u016bdu si\u016blyti asmenims prekes ar paslaugas ir (arba) teirautis j\u0173 nuomon\u0117s d\u0117l si\u016blom\u0173 preki\u0173 ar paslaug\u0173.\nBendrov\u0117s partneris \u2013 tai asmuo, tiekiantis prekes ar paslaugas Bendrovei, su kuriuo gali b\u016bti vykdomos bendros akcijos ar projektai.\n<br><BR><br><BR>\nASMENS DUOMEN\u0172 GAVIMO B\u016aDAI\n<br><BR><br><BR>\nBendrov\u0117 Naudotoj\u0173 Asmens duomenis gauna dvejais b\u016bdais, kai:\n<br><BR><br><BR>\nNaudotojas informacij\u0105 apie save pateikia pats;\nDuomenys, susij\u0119 su Naudotoju, generuojami automati\u0161kai, Naudotojui naudojantis Internetin\u0117s parduotuv\u0117s svetaine;\nBendrov\u0117s Internetin\u0117s parduotuv\u0117s svetain\u0117s Naudotojas savaranki\u0161kai pateikia informacij\u0105 Bendrovei \u0161iais atvejais:\n<br><BR><br><BR>\nNaudotojui susik\u016brus Internetin\u0117s parduotuv\u0117s paskyr\u0105 bei atliekant u\u017esakym\u0105 Internetin\u0117je parduotuv\u0117je;\nNaudotojo komunikacijos bet kokia forma su Bendrove metu.\nAntrasis Asmens duomen\u0173 gavimo b\u016bdas apima toki\u0105 situacij\u0105, kai informacij\u0105 Bendrov\u0117 Slapuk\u0173 pagalba, Naudotojo sutikimo tvarkyti jo Asmens duomenis teisiniu pagrindu, surenka automati\u0161kai Naudotojui naudojantis Bendrov\u0117s Internetin\u0117s parduotuv\u0117s svetaine ir jos suteikiamomis galimyb\u0117mis.\n<br><BR><br><BR>\nNAUDOTOJO ASMENS DUOMEN\u0172 TVARKYMO TIKSLAI\n<br><BR><br><BR>\nBendrov\u0117 Naudotoj\u0173 Asmens duomenis tvarko \u017eemiau nurodomais tikslais:\n<br><BR><br><BR>\nElektronin\u0117s prekybos Bendrov\u0117s Internetin\u0117s parduotuv\u0117s svetain\u0117je vykdymo tikslu;\nKonkurs\u0173, akcij\u0173, \u017eaidim\u0173 organizavimo ir vykdymo tikslu;\nPaslaug\u0173 teikimo tikslu;\nTiesiogin\u0117s rinkodaros vykdymo tikslu;\nProfesionalios aptarnavimo kokyb\u0117s \u012fvertinimo, tobulinimo ir u\u017etikrinimo tikslu bei potenciali\u0173 ar kilusi\u0173 gin\u010d\u0173 su Naudotojais spendimo tikslu (atliekamas garso \u012fra\u0161ymo darymas).\nBendrov\u0117 Naudotojo Asmens duomen\u0173 netvarko jokiais kitais su auk\u0161\u010diau nurodytais tikslais nesuderinamais tikslais.\n<br><BR><br><BR>\nBendrov\u0117 savo veikloje tvarko \u017eemiau nurodomus Naudotoj\u0173 Asmens duomenis:\n<br><BR><br><BR>\nSutarties sudarymo ir vykdymo teisiniu pagrindu: Naudotojo Asmens duomenys, tokie kaip vardas, asmens kodas, pavard\u0117, elektroninio pa\u0161to adresas, telefono ry\u0161io numeris, prek\u0117s pristatymo adresas, internetinio protokolo (IP) adresas, banko s\u0105skaitos numeris, \u012fsigytos prek\u0117s apmok\u0117jimo b\u016bdas, preki\u0173 u\u017esakymo istorija, gyvenamosios vietos adresas, tekstin\u0117s rinkmenos \u201eslapukai\u201c, asmens pajam\u0173 dydis, asmens paso numeris, asmens \u0161eimin\u0117s pad\u0117ties duomenys. \u0160ie Asmens duomenys yra tvarkomi elektronin\u0117s prekybos Bendrov\u0117s Internetin\u0117s parduotuv\u0117s svetain\u0117je vykdymo tikslu;\nNaudotojo sutikimo pagrindu: Naudotojo Asmens duomenys, tokie kaip vardas, pavard\u0117, telefono ry\u0161io numeris, elektroninio pa\u0161to adresas, interneto protokolo (IP) adresas, vaizdo \u012fra\u0161as, atvaizdas, tekstin\u0117s rinkmenos \u201eslapukai\u201c. \u0160ie Asmens duomenys yra tvarkomi konkurs\u0173, akcij\u0173, \u017eaidim\u0173 organizavimo ir vykdymo tikslu;\nSutarties sudarymo ir vykdymo teisiniu pagrindu: Naudotojo Asmens duomenys, tokie kaip vardas, pavard\u0117, asmens kodas, telefono ry\u0161io numeris, elektroninio pa\u0161to adresas, darboviet\u0117s adresas, asmens nusiskundimai. \u0160ie Asmens duomenys yra tvarkomi paslaug\u0173, skelbiam\u0173 Bendrov\u0117s Internetin\u0117s parduotuv\u0117s svetain\u0117je, teikimo tikslu;\nNaudotojo sutikimo pagrindu: Naudotojo Asmens duomenys, tokie kaip vardas, pavard\u0117, elektroninio pa\u0161to adresas, miestas, pirkinio kategorija, pirkinio sumos duomenys, tekstin\u0117s rinkmenos \u201eslapukai\u201c,  gyvenamosios vietos adresas. \u0160ie Asmens duomenys yra tvarkomi Tiesiogin\u0117s rinkodaros vykdymo tikslu;\nBendrov\u0117s teis\u0117to intereso teisiniu pagrindu: Naudotojo Asmens duomenys, tokie kaip garso \u012fra\u0161o (pokalbio \u012fra\u0161o) duomenys. \u0160ie Asmens duomenys yra tvarkomi profesionalios aptarnavimo kokyb\u0117s \u012fvertinimo, tobulinimo ir u\u017etikrinimo tikslu bei potenciali\u0173 ar kilusi\u0173 gin\u010d\u0173 su Naudotojais spendimo tikslu.\nBendrov\u0117 pa\u017eymi, kad nerenka, neapdoroja ar neatlieka bet koki\u0173 kit\u0173 duomen\u0173 tvarkymo operacij\u0173, susijusi\u0173 su Naudotojo jautria (ypatinga) asmenine informacija, pavyzd\u017eiui, religin\u0117mis ar politin\u0117mis pa\u017ei\u016bromis, sveikata ir kt.\n<br><BR><br><BR>\nNAUDOTOJO TEIS\u0116S IR J\u0172 \u012eGYVENDINIMO TVARKA\n<br><BR><br><BR>\nBendrov\u0117 u\u017etikrina, laikosi ir gerbia Bendrov\u0117s Internetin\u0117s parduotuv\u0117s svetain\u0117s Naudotoj\u0173 teises:\n<br><BR><br><BR>\nteis\u0119 \u012f informacij\u0105, t. y. teis\u0119 b\u016bti informuotam apie Bendrov\u0117s atliekam\u0105 Naudotojo Asmens duomen\u0173 tvarkym\u0105;\nteis\u0119 gauti informacij\u0105, susijusi\u0105 su Bendrov\u0117s tvarkomais Naudotojo Asmens duomenimis;\nteis\u0119 \u012f Naudotojo Asmens duomen\u0173 i\u0161taisym\u0105, jei jie yra netiksl\u016bs ar nei\u0161sam\u016bs;\nteis\u0119 b\u016bti pamir\u0161tam, kai Asmens duomenys neb\u0117ra reikalingi, kad b\u016bt\u0173 pasiekti tikslai, kuriais jie buvo renkami arba kitaip tvarkomi arba\/ir Naudotojas at\u0161aukia sutikim\u0105, kuriuo buvo grind\u017eiamas Asmens duomen\u0173 tvarkymas ir n\u0117ra jokio kito teisinio pagrindo tvarkyti Asmens duomenis, arba\/ir Naudotojas nesutinka su Asmens duomen\u0173 tvarkymu ir n\u0117ra vir\u0161esni\u0173 teis\u0117t\u0173 prie\u017eas\u010di\u0173 tvarkyti Asmens duomenis, arba\/ir kai Asmens duomenys buvo tvarkomi neteis\u0117tai, arba\/ir Asmens duomenys turi b\u016bt i\u0161trinti laikantis Europos S\u0105jungos arba Bendrov\u0117s valstyb\u0117s nar\u0117s teis\u0117je nustatytos teisin\u0117s prievol\u0117s, arba\/ir Naudotojo asmens duomenys buvo surinkti informacin\u0117s visuomen\u0117s paslaug\u0173 si\u016blymo kontekste; \nteis\u0119 apriboti Naudotojo Asmens duomen\u0173 tvarkym\u0105, kai Naudotojas u\u017egin\u010dija Asmens duomen\u0173 tikslum\u0105 tokiam laikotarpiui, per kur\u012f Bendrov\u0117 gali patikrinti Asmens duomen\u0173 tikslum\u0105 arba\/ir Asmens duomen\u0173 tvarkymas yra neteis\u0117tas ir Naudotojas nesutinka, kad Asmens duomenys b\u016bt\u0173 i\u0161trinti, ir vietoj to pra\u0161o apriboti j\u0173 naudojim\u0105, arba\/ir Bendrovei nebereikia Naudotojo Asmens duomen\u0173 duomen\u0173 tvarkymo tikslais, ta\u010diau j\u0173 reikia Naudotojui siekiant pareik\u0161ti, vykdyti arba apginti teisinius reikalavimus, arba\/ir Naudotojas paprie\u0161taravo Asmens duomen\u0173 tvarkymui, kol bus patikrinta, ar Bendrov\u0117s teis\u0117tos prie\u017eastys yra vir\u0161esn\u0117s u\u017e Naudotojo prie\u017eastis;\nteis\u0119 prie\u0161tarauti Naudotojo Asmens duomen\u0173 tvarkymui, t.y. Naudotojas turi teis\u0119 d\u0117l su Naudotojo konkre\u010diu atveju susijusi\u0173 prie\u017eas\u010di\u0173 bet kuriuo metu nesutikti, kad su juo susij\u0119 Asmens duomenys b\u016bt\u0173 tvarkomi, kai toks duomen\u0173 tvarkymas vykdomas tada, kai siekiama atlikti u\u017eduot\u012f, vykdom\u0105 vie\u0161ojo intereso labui arba vykdant Bendrovei pavestas vie\u0161osios vald\u017eios funkcijas, \u012fskaitant profiliavim\u0105, arba\/ir tvarkyti Asmens duomenis b\u016btina siekiant teis\u0117t\u0173 Bendrov\u0117s arba tre\u010diosios \u0161alies interes\u0173, i\u0161skyrus atvejus, kai tokie Naudotojo interesai arba pagrindin\u0117s teis\u0117s ir laisv\u0117s, d\u0117l kuri\u0173 b\u016btina u\u017etikrinti asmens duomen\u0173 apsaug\u0105, yra u\u017e juos vir\u0161esni, ypa\u010d kai Naudotojas yra vaikas, \u012fskaitant profiliavim\u0105, arba\/ir kai Asmens duomenys tvarkomi Tiesiogin\u0117s rinkodaros tikslu, \u012fskaitant profiliavim\u0105, susijus\u012f su Tiesiogine rinkodara. Bendrov\u0117 \u0161iuo nurodo, kad, atsi\u017evelgdama \u012f Naudotojo teis\u0117s prie\u0161tarauti Asmens duomen\u0173 tvarkymui \u012fgyvendinim\u0105, nebetvarko Asmens duomen\u0173, i\u0161skyrus atvejus, kai Bendrov\u0117 \u012frodo, kad Asmens duomenys tvarkomi d\u0117l \u012ftikinam\u0173 teis\u0117t\u0173 prie\u017eas\u010di\u0173, kurios yra vir\u0161esn\u0117s u\u017e Bendrov\u0117s interesus, teises ir laisves, arba siekiant pareik\u0161ti, vykdyti ar apginti teisinius reikalavimus;\nteis\u0119 \u012f Asmens duomen\u0173 perkeliamum\u0105, t.y. Naudotojas turi teis\u0119 gauti su juo susijusius Asmens duomenis, kuriuos jis pateik\u0117 Bendrovei, kai Naudotojo Asmens duomen\u0173 tvarkymas yra grind\u017eiamas sutikimu arba\/ir sutartimi ir tokie Naudotojo Asmens duomenys yra tvarkomi automatizuotomis Asmens duomen\u0173 tvarkymo priemon\u0117mis. Bendrov\u0117 \u0161iuo nurodo, kad naudodamasis savo teise \u012f duomen\u0173 perkeliamum\u0105, Naudotojas turi teis\u0119, kad Bendrov\u0117, kai tai techni\u0161kai \u012fmanoma, Asmens duomenis tiesiogiai persi\u0173st\u0173 kitam duomen\u0173 valdytojui, t.y. fiziniam ar juridiniam asmeniui, nustatan\u010diam duomen\u0173 tvarkymo tikslus ir priemones\u2019\nteis\u0119 at\u0161aukti sutikim\u0105 d\u0117l Asmens duomen\u0173 tvarkymo, kai tvarkymas grind\u017eiamas Naudotojo sutikimu.\nBendrov\u0117 informuoja, jog atitinkami veiksmai, kuriais yra \u012fgyvendinamos auk\u0161\u010diau nurodytos Naudotoj\u0173 teis\u0117s, bus atliekami kaip galima grei\u010diau, bet ne v\u0117liau kaip po 1 (vieno) m\u0117nesio nuo J\u016bs\u0173 kreipimosi dienos. Pa\u017eymime, kad prireikus 1 (vieno) m\u0117nesio terminas gali b\u016bti prat\u0119stas dar dviem m\u0117nesiams, atsi\u017evelgiant \u012f pra\u0161ymo sud\u0117tingum\u0105 ir skai\u010di\u0173. Tokiu atveju, Bendrov\u0117 per 1 (vien\u0105) m\u0117nes\u012f nuo pra\u0161ymo gavimo informuoja Naudotoj\u0105 apie tok\u012f prat\u0119sim\u0105, kartu pateikdama v\u0117lavimo prie\u017eastis. Bendrov\u0117 atkreipia d\u0117mes\u012f, jog neapribojant galimybi\u0173 imtis kit\u0173 administracini\u0173 arba teismini\u0173 teisi\u0173 gynimo priemoni\u0173, kiekvienas Naudotojas turi teis\u0119 pateikti skund\u0105 prie\u017ei\u016bros institucijai, vis\u0173 pirma ES valstyb\u0117je nar\u0117je, kurioje yra jo nuolatin\u0117 gyvenamoji vieta, darbo vieta arba vieta, kurioje padarytas \u012ftariamas pa\u017eeidimas, jeigu asmuo mano, kad su juo susij\u0119s Asmens duomen\u0173 tvarkymas atliekamas pa\u017eeid\u017eiant galiojan\u010dius duomen\u0173 teisin\u0117s apsaugos teis\u0117s aktus. Lietuvos Respublikoje tokia prie\u017ei\u016bros institucija yra Valstybin\u0117 duomen\u0173 apsaugos inspekcija. Jeigu Naudotojas pageidauja, kad Bendrov\u0117 \u012fgyvendint\u0173 auk\u0161\u010diau nurodytas teises arba, jeigu Naudotojas turi klausim\u0173 d\u0117l savo teisi\u0173 \u012fgyvendinimo, pra\u0161ome susisiekite su Bendrove.\n<br><BR><br><BR>\nElektronin\u0117je parduotuv\u0117je apmok\u0117jimai apdorojami naudojantis makecommerce.lt platforma, kurios valdytojas Maksekeskus AS (Niine 11, Talinas 10414, Estija, reg. nr.:12268475), tod\u0117l J\u016bs\u0173 asmenin\u0117 informacija, reikalinga mok\u0117jimo \u012fvykdymui ir patvirtinimui, bus perduodama Maksekeskus AS.\n<br><BR><br><BR>\nKONTAKTIN\u0116 INFORMACIJA\n<br><BR><br><BR>\ndovanupastas.lt\nTelefonas 862222494\nEl. pa\u0161tas info@dovanupastas.lt\n<br><BR><br><BR>\nPrivatumo politikos per\u017ei\u016bros data: 2023 m. lapkri\u010dio 10 diena<\/h2>\t\t<\/div>\n\t\t\t\t<\/div>\n\t\t\t\t\t<\/div>\n\t\t\t\t<\/div>\n\t\t\t\t\t\t\t<\/div>\n\t\t","protected":false},"excerpt":{"rendered":"<p>\u201eDOVANUPASTAS\u201c PRIVATUMO T\u2019AISYKL\u0116S Bendrovei yra svarbus kiekvieno Internetin\u0117s parduotuv\u0117s Naudotojo pasitik\u0117jimas Bendrove, Bendrov\u0117s valdoma Internetine parduotuve bei joje parduodamomis prek\u0117mis ir\/ar per j\u0105 teikiamomis paslaugomis. \u0160is pasitik\u0117jimas, be kita ko, neatsiejamas ir nuo tinkamo Naudotojo Asmens duomen\u0173 tvarkymo bei j\u0173 apsaugos. Tod\u0117l \u0161ioje Internetin\u0117s parduotuv\u0117s svetain\u0117s skiltyje rasite Bendrov\u0117s Privatumo taisykli\u0173 (toliau \u2013 Privatumo taisykl\u0117s) [&hellip;]<\/p>\n","protected":false},"author":1,"featured_media":0,"parent":0,"menu_order":0,"comment_status":"closed","ping_status":"open","template":"","meta":{"footnotes":""},"_links":{"self":[{"href":"https:\/\/happybalionai.lt\/index.php?rest_route=\/wp\/v2\/pages\/3"}],"collection":[{"href":"https:\/\/happybalionai.lt\/index.php?rest_route=\/wp\/v2\/pages"}],"about":[{"href":"https:\/\/happybalionai.lt\/index.php?rest_route=\/wp\/v2\/types\/page"}],"author":[{"embeddable":true,"href":"https:\/\/happybalionai.lt\/index.php?rest_route=\/wp\/v2\/users\/1"}],"replies":[{"embeddable":true,"href":"https:\/\/happybalionai.lt\/index.php?rest_route=%2Fwp%2Fv2%2Fcomments&post=3"}],"version-history":[{"count":4,"href":"https:\/\/happybalionai.lt\/index.php?rest_route=\/wp\/v2\/pages\/3\/revisions"}],"predecessor-version":[{"id":17965,"href":"https:\/\/happybalionai.lt\/index.php?rest_route=\/wp\/v2\/pages\/3\/revisions\/17965"}],"wp:attachment":[{"href":"https:\/\/happybalionai.lt\/index.php?rest_route=%2Fwp%2Fv2%2Fmedia&parent=3"}],"curies":[{"name":"wp","href":"https:\/\/api.w.org\/{rel}","templated":true}]}}