{"id":14,"date":"2023-10-20T08:24:48","date_gmt":"2023-10-20T08:24:48","guid":{"rendered":"https:\/\/www.dovanupastas.lt\/index.php\/my-account\/"},"modified":"2023-12-18T14:05:27","modified_gmt":"2023-12-18T11:05:27","slug":"my-account","status":"publish","type":"page","link":"https:\/\/happybalionai.lt\/?page_id=14","title":{"rendered":"Mano paskyra"},"content":{"rendered":"<div class=\"woocommerce\"><div class=\"woocommerce-notices-wrapper\"><\/div><div class=\"customer_login_form_wrap\">\n\n<div class=\"u-columns col2-set\" id=\"customer_login\">\n\n    <div class=\"u-column1 col-1\">\n\n\n        <h2>Prisijungti<\/h2>\n\n        <form class=\"woocommerce-form woocommerce-form-login login\" method=\"post\">\n\n            \n            <p class=\"woocommerce-form-row woocommerce-form-row--wide form-row form-row-wide\">\n                <label for=\"username\">Prisijungimo vardas ar el.pa\u0161to adresas&nbsp;<span class=\"required\">*<\/span><\/label>\n                <input type=\"text\" class=\"woocommerce-Input woocommerce-Input--text input-text\" name=\"username\" id=\"username\" autocomplete=\"username\" value=\"\" \/>            <\/p>\n            <p class=\"woocommerce-form-row woocommerce-form-row--wide form-row form-row-wide\">\n                <label for=\"password\">Slapta\u017eodis&nbsp;<span class=\"required\">*<\/span><\/label>\n                <input class=\"woocommerce-Input woocommerce-Input--text input-text\" type=\"password\" name=\"password\" id=\"password\" autocomplete=\"current-password\" \/>\n            <\/p>\n\n            \n            <p class=\"form-row\">\n                <label class=\"woocommerce-form__label woocommerce-form__label-for-checkbox woocommerce-form-login__rememberme\">\n                    <input class=\"woocommerce-form__input woocommerce-form__input-checkbox\" name=\"rememberme\" type=\"checkbox\" id=\"rememberme\" value=\"forever\" \/> <span>Prisiminti mane<\/span>\n                <\/label>\n                <input type=\"hidden\" id=\"woocommerce-login-nonce\" name=\"woocommerce-login-nonce\" value=\"def3ea844f\" \/><input type=\"hidden\" name=\"_wp_http_referer\" value=\"\/index.php?rest_route=%2Fwp%2Fv2%2Fpages%2F14\" \/>                <button type=\"submit\" class=\"woocommerce-button button woocommerce-form-login__submit\" name=\"login\" value=\"Prisijungti\">Prisijungti<\/button>\n            <\/p>\n            <p class=\"woocommerce-LostPassword lost_password\">\n                <a href=\"https:\/\/happybalionai.lt\/?page_id=14&#038;lost-password\">Pamir\u0161ote slapta\u017eod\u012f?<\/a>\n            <\/p>\n\n            \n        <\/form>\n\n\n    <\/div>\n\n    <div class=\"u-column2 col-2\">\n\n        <h2>Registruotis<\/h2>\n\n        <form method=\"post\" class=\"woocommerce-form woocommerce-form-register register\"  >\n\n            \n            \n            <p class=\"woocommerce-form-row woocommerce-form-row--wide form-row form-row-wide\">\n                <label for=\"reg_email\">El. pa\u0161to adresas&nbsp;<span class=\"required\">*<\/span><\/label>\n                <input type=\"email\" class=\"woocommerce-Input woocommerce-Input--text input-text\" name=\"email\" id=\"reg_email\" autocomplete=\"email\" value=\"\" \/>            <\/p>\n\n            \n                <p>Nuoroda slapta\u017eod\u017eiui nustatyti, i\u0161si\u0173sta nurodytu el.pa\u0161to adresu<\/p>\n\n            \n            <div class=\"woocommerce-privacy-policy-text\"><p>Your personal data will be used to support your experience throughout this website, to manage access to your account, and for other purposes described in our <a href=\"https:\/\/happybalionai.lt\/?page_id=3\" class=\"woocommerce-privacy-policy-link\" target=\"_blank\">privatumo politikoje<\/a>.<\/p>\n<\/div>\n            <p class=\"woocommerce-form-row form-row\">\n                <input type=\"hidden\" id=\"woocommerce-register-nonce\" name=\"woocommerce-register-nonce\" value=\"01ec9874d3\" \/><input type=\"hidden\" name=\"_wp_http_referer\" value=\"\/index.php?rest_route=%2Fwp%2Fv2%2Fpages%2F14\" \/>                <button type=\"submit\" class=\"woocommerce-Button woocommerce-button button woocommerce-form-register__submit\" name=\"register\" value=\"Registruotis\">Registruotis<\/button>\n            <\/p>\n\n            \n        <\/form>\n\n    <\/div>\n\n<\/div>\n\n<\/div><\/div>\n","protected":false},"excerpt":{"rendered":"","protected":false},"author":1,"featured_media":0,"parent":0,"menu_order":0,"comment_status":"closed","ping_status":"closed","template":"","meta":{"footnotes":""},"_links":{"self":[{"href":"https:\/\/happybalionai.lt\/index.php?rest_route=\/wp\/v2\/pages\/14"}],"collection":[{"href":"https:\/\/happybalionai.lt\/index.php?rest_route=\/wp\/v2\/pages"}],"about":[{"href":"https:\/\/happybalionai.lt\/index.php?rest_route=\/wp\/v2\/types\/page"}],"author":[{"embeddable":true,"href":"https:\/\/happybalionai.lt\/index.php?rest_route=\/wp\/v2\/users\/1"}],"replies":[{"embeddable":true,"href":"https:\/\/happybalionai.lt\/index.php?rest_route=%2Fwp%2Fv2%2Fcomments&post=14"}],"version-history":[{"count":1,"href":"https:\/\/happybalionai.lt\/index.php?rest_route=\/wp\/v2\/pages\/14\/revisions"}],"predecessor-version":[{"id":18642,"href":"https:\/\/happybalionai.lt\/index.php?rest_route=\/wp\/v2\/pages\/14\/revisions\/18642"}],"wp:attachment":[{"href":"https:\/\/happybalionai.lt\/index.php?rest_route=%2Fwp%2Fv2%2Fmedia&parent=14"}],"curies":[{"name":"wp","href":"https:\/\/api.w.org\/{rel}","templated":true}]}}